{"id":173,"date":"2021-04-22T12:21:18","date_gmt":"2021-04-22T12:21:18","guid":{"rendered":"https:\/\/villa-du-moulleau.ms.decms.eu\/le-lieu\/louis-garros\/"},"modified":"2021-06-07T12:52:11","modified_gmt":"2021-06-07T12:52:11","slug":"louis-garros","status":"publish","type":"page","link":"https:\/\/www.villadumoulleau.com\/en\/location\/louis-garros\/","title":{"rendered":"Louis Garros"},"content":{"rendered":"<p>Louis Garros (1833-1911), who gave his name to the address of the Villa, built and renovated a large number of wine ch\u00e2teaux (called \u201cpinardiers\u201d) in the Bordeaux region and in Languedoc, notably the ch\u00e2teaux of Valmirande, Roue\u00efre, Pinet and Libouriac.<\/p>\n<p>In addition, he also built the H\u00f4tel Exshaw, the Martin building and the Parliament fountain in Bordeaux. In his works, Louis Garros eclectically used the styles of the French Renaissance and English Gothic.<\/p>\n","protected":false},"excerpt":{"rendered":"<p>Louis Garros (1833-1911), who gave his name to the address of the Villa, built and renovated a large number of wine ch\u00e2teaux (called \u201cpinardiers\u201d) in the Bordeaux region and in Languedoc, notably the ch\u00e2teaux of Valmirande, Roue\u00efre, Pinet and Libouriac. In addition, he also built the H\u00f4tel Exshaw, the Martin building and the Parliament fountain [&hellip;]<\/p>\n","protected":false},"author":8,"featured_media":0,"parent":169,"menu_order":0,"comment_status":"closed","ping_status":"closed","template":"","meta":{"footnotes":""},"class_list":["post-173","page","type-page","status-publish","hentry"],"yoast_head":"<!-- This site is optimized with the Yoast SEO plugin v26.9 - https:\/\/yoast.com\/product\/yoast-seo-wordpress\/ -->\n<title>Louis Garros - Villa du Moulleau<\/title>\n<meta name=\"robots\" content=\"index, follow, max-snippet:-1, max-image-preview:large, max-video-preview:-1\" \/>\n<link rel=\"canonical\" href=\"https:\/\/www.villadumoulleau.com\/en\/location\/louis-garros\/\" \/>\n<meta property=\"og:locale\" content=\"en_US\" \/>\n<meta property=\"og:type\" content=\"article\" \/>\n<meta property=\"og:title\" content=\"Louis Garros - Villa du Moulleau\" \/>\n<meta property=\"og:description\" content=\"Louis Garros (1833-1911), who gave his name to the address of the Villa, built and renovated a large number of wine ch\u00e2teaux (called \u201cpinardiers\u201d) in the Bordeaux region and in Languedoc, notably the ch\u00e2teaux of Valmirande, Roue\u00efre, Pinet and Libouriac. In addition, he also built the H\u00f4tel Exshaw, the Martin building and the Parliament fountain [&hellip;]\" \/>\n<meta property=\"og:url\" content=\"https:\/\/www.villadumoulleau.com\/en\/location\/louis-garros\/\" \/>\n<meta property=\"og:site_name\" content=\"Villa du Moulleau\" \/>\n<meta property=\"article:modified_time\" content=\"2021-06-07T12:52:11+00:00\" \/>\n<meta name=\"twitter:card\" content=\"summary_large_image\" \/>\n<script type=\"application\/ld+json\" class=\"yoast-schema-graph\">{\"@context\":\"https:\/\/schema.org\",\"@graph\":[{\"@type\":\"WebPage\",\"@id\":\"https:\/\/www.villadumoulleau.com\/en\/location\/louis-garros\/\",\"url\":\"https:\/\/www.villadumoulleau.com\/en\/location\/louis-garros\/\",\"name\":\"Louis Garros - Villa du Moulleau\",\"isPartOf\":{\"@id\":\"https:\/\/www.villadumoulleau.com\/en\/#website\"},\"datePublished\":\"2021-04-22T12:21:18+00:00\",\"dateModified\":\"2021-06-07T12:52:11+00:00\",\"breadcrumb\":{\"@id\":\"https:\/\/www.villadumoulleau.com\/en\/location\/louis-garros\/#breadcrumb\"},\"inLanguage\":\"en-US\",\"potentialAction\":[{\"@type\":\"ReadAction\",\"target\":[\"https:\/\/www.villadumoulleau.com\/en\/location\/louis-garros\/\"]}]},{\"@type\":\"BreadcrumbList\",\"@id\":\"https:\/\/www.villadumoulleau.com\/en\/location\/louis-garros\/#breadcrumb\",\"itemListElement\":[{\"@type\":\"ListItem\",\"position\":1,\"name\":\"Home\",\"item\":\"https:\/\/www.villadumoulleau.com\/en\/\"},{\"@type\":\"ListItem\",\"position\":2,\"name\":\"Location\",\"item\":\"https:\/\/www.villadumoulleau.com\/en\/location\/\"},{\"@type\":\"ListItem\",\"position\":3,\"name\":\"Louis Garros\"}]},{\"@type\":\"WebSite\",\"@id\":\"https:\/\/www.villadumoulleau.com\/en\/#website\",\"url\":\"https:\/\/www.villadumoulleau.com\/en\/\",\"name\":\"Villa du Moulleau\",\"description\":\"\",\"publisher\":{\"@id\":\"https:\/\/www.villadumoulleau.com\/en\/#organization\"},\"potentialAction\":[{\"@type\":\"SearchAction\",\"target\":{\"@type\":\"EntryPoint\",\"urlTemplate\":\"https:\/\/www.villadumoulleau.com\/en\/?s={search_term_string}\"},\"query-input\":{\"@type\":\"PropertyValueSpecification\",\"valueRequired\":true,\"valueName\":\"search_term_string\"}}],\"inLanguage\":\"en-US\"},{\"@type\":\"Organization\",\"@id\":\"https:\/\/www.villadumoulleau.com\/en\/#organization\",\"name\":\"Villa du Moulleau\",\"url\":\"https:\/\/www.villadumoulleau.com\/en\/\",\"logo\":{\"@type\":\"ImageObject\",\"inLanguage\":\"en-US\",\"@id\":\"https:\/\/www.villadumoulleau.com\/en\/#\/schema\/logo\/image\/\",\"url\":\"https:\/\/www.villadumoulleau.com\/wp-content\/uploads\/sites\/285\/2021\/04\/LOGO_VILLA-DU-MOULLEAU-2.png\",\"contentUrl\":\"https:\/\/www.villadumoulleau.com\/wp-content\/uploads\/sites\/285\/2021\/04\/LOGO_VILLA-DU-MOULLEAU-2.png\",\"width\":500,\"height\":580,\"caption\":\"Villa du Moulleau\"},\"image\":{\"@id\":\"https:\/\/www.villadumoulleau.com\/en\/#\/schema\/logo\/image\/\"}}]}<\/script>\n<!-- \/ Yoast SEO plugin. -->","yoast_head_json":{"title":"Louis Garros - Villa du Moulleau","robots":{"index":"index","follow":"follow","max-snippet":"max-snippet:-1","max-image-preview":"max-image-preview:large","max-video-preview":"max-video-preview:-1"},"canonical":"https:\/\/www.villadumoulleau.com\/en\/location\/louis-garros\/","og_locale":"en_US","og_type":"article","og_title":"Louis Garros - Villa du Moulleau","og_description":"Louis Garros (1833-1911), who gave his name to the address of the Villa, built and renovated a large number of wine ch\u00e2teaux (called \u201cpinardiers\u201d) in the Bordeaux region and in Languedoc, notably the ch\u00e2teaux of Valmirande, Roue\u00efre, Pinet and Libouriac. In addition, he also built the H\u00f4tel Exshaw, the Martin building and the Parliament fountain [&hellip;]","og_url":"https:\/\/www.villadumoulleau.com\/en\/location\/louis-garros\/","og_site_name":"Villa du Moulleau","article_modified_time":"2021-06-07T12:52:11+00:00","twitter_card":"summary_large_image","schema":{"@context":"https:\/\/schema.org","@graph":[{"@type":"WebPage","@id":"https:\/\/www.villadumoulleau.com\/en\/location\/louis-garros\/","url":"https:\/\/www.villadumoulleau.com\/en\/location\/louis-garros\/","name":"Louis Garros - Villa du Moulleau","isPartOf":{"@id":"https:\/\/www.villadumoulleau.com\/en\/#website"},"datePublished":"2021-04-22T12:21:18+00:00","dateModified":"2021-06-07T12:52:11+00:00","breadcrumb":{"@id":"https:\/\/www.villadumoulleau.com\/en\/location\/louis-garros\/#breadcrumb"},"inLanguage":"en-US","potentialAction":[{"@type":"ReadAction","target":["https:\/\/www.villadumoulleau.com\/en\/location\/louis-garros\/"]}]},{"@type":"BreadcrumbList","@id":"https:\/\/www.villadumoulleau.com\/en\/location\/louis-garros\/#breadcrumb","itemListElement":[{"@type":"ListItem","position":1,"name":"Home","item":"https:\/\/www.villadumoulleau.com\/en\/"},{"@type":"ListItem","position":2,"name":"Location","item":"https:\/\/www.villadumoulleau.com\/en\/location\/"},{"@type":"ListItem","position":3,"name":"Louis Garros"}]},{"@type":"WebSite","@id":"https:\/\/www.villadumoulleau.com\/en\/#website","url":"https:\/\/www.villadumoulleau.com\/en\/","name":"Villa du Moulleau","description":"","publisher":{"@id":"https:\/\/www.villadumoulleau.com\/en\/#organization"},"potentialAction":[{"@type":"SearchAction","target":{"@type":"EntryPoint","urlTemplate":"https:\/\/www.villadumoulleau.com\/en\/?s={search_term_string}"},"query-input":{"@type":"PropertyValueSpecification","valueRequired":true,"valueName":"search_term_string"}}],"inLanguage":"en-US"},{"@type":"Organization","@id":"https:\/\/www.villadumoulleau.com\/en\/#organization","name":"Villa du Moulleau","url":"https:\/\/www.villadumoulleau.com\/en\/","logo":{"@type":"ImageObject","inLanguage":"en-US","@id":"https:\/\/www.villadumoulleau.com\/en\/#\/schema\/logo\/image\/","url":"https:\/\/www.villadumoulleau.com\/wp-content\/uploads\/sites\/285\/2021\/04\/LOGO_VILLA-DU-MOULLEAU-2.png","contentUrl":"https:\/\/www.villadumoulleau.com\/wp-content\/uploads\/sites\/285\/2021\/04\/LOGO_VILLA-DU-MOULLEAU-2.png","width":500,"height":580,"caption":"Villa du Moulleau"},"image":{"@id":"https:\/\/www.villadumoulleau.com\/en\/#\/schema\/logo\/image\/"}}]}},"acf":[],"_links":{"self":[{"href":"https:\/\/www.villadumoulleau.com\/en\/wp-json\/wp\/v2\/pages\/173","targetHints":{"allow":["GET"]}}],"collection":[{"href":"https:\/\/www.villadumoulleau.com\/en\/wp-json\/wp\/v2\/pages"}],"about":[{"href":"https:\/\/www.villadumoulleau.com\/en\/wp-json\/wp\/v2\/types\/page"}],"author":[{"embeddable":true,"href":"https:\/\/www.villadumoulleau.com\/en\/wp-json\/wp\/v2\/users\/8"}],"replies":[{"embeddable":true,"href":"https:\/\/www.villadumoulleau.com\/en\/wp-json\/wp\/v2\/comments?post=173"}],"version-history":[{"count":0,"href":"https:\/\/www.villadumoulleau.com\/en\/wp-json\/wp\/v2\/pages\/173\/revisions"}],"up":[{"embeddable":true,"href":"https:\/\/www.villadumoulleau.com\/en\/wp-json\/wp\/v2\/pages\/169"}],"wp:attachment":[{"href":"https:\/\/www.villadumoulleau.com\/en\/wp-json\/wp\/v2\/media?parent=173"}],"curies":[{"name":"wp","href":"https:\/\/api.w.org\/{rel}","templated":true}]}}